{"id":10867,"date":"2023-05-17T23:59:13","date_gmt":"2023-05-17T23:59:13","guid":{"rendered":"https:\/\/artviewoasis.com\/?page_id=10867"},"modified":"2023-05-18T00:00:09","modified_gmt":"2023-05-18T00:00:09","slug":"legal-mentions","status":"publish","type":"page","link":"https:\/\/artviewoasis.com\/fr\/legal-mentions\/","title":{"rendered":"Mentions l\u00e9gales"},"content":{"rendered":"<div data-elementor-type=\"wp-page\" data-elementor-id=\"10867\" class=\"elementor elementor-10867\" data-elementor-post-type=\"page\">\n\t\t\t\t<div class=\"elementor-element elementor-element-fddc7d9 e-flex e-con-boxed e-con e-parent\" data-id=\"fddc7d9\" data-element_type=\"container\">\n\t\t\t\t\t<div class=\"e-con-inner\">\n\t\t\t\t<div class=\"elementor-element elementor-element-4c57408 elementor-widget elementor-widget-heading\" data-id=\"4c57408\" data-element_type=\"widget\" data-widget_type=\"heading.default\">\n\t\t\t\t<div class=\"elementor-widget-container\">\n\t\t\t\t\t<h2 class=\"elementor-heading-title elementor-size-default\">Mentions l\u00e9gales<\/h2>\t\t\t\t<\/div>\n\t\t\t\t<\/div>\n\t\t\t\t<div class=\"elementor-element elementor-element-68d6346 elementor-widget elementor-widget-text-editor\" data-id=\"68d6346\" data-element_type=\"widget\" data-widget_type=\"text-editor.default\">\n\t\t\t\t<div class=\"elementor-widget-container\">\n\t\t\t\t\t\t\t\t\t<p><strong>Website Owner:<\/strong><br \/>Artview<\/p><p><strong>Legal Entity:<\/strong><br \/>Artview is a soci\u00e9t\u00e9 \u00e0 responsabilit\u00e9 limit\u00e9e (limited liability company) registered under the laws of France.<\/p><p><strong>Registered Address:<\/strong><br \/>Artview<br \/>153B rue du Pr\u00e9sident Roosevelt,<br \/>78100 Saint-Germain-en-Laye,<br \/>France<\/p><p><strong>Contact Information:<\/strong><br \/>Email: contact@artview.fr<\/p><p><strong>Publication Director:<\/strong><br \/>Mac Arthur Cassamajor<\/p><p><strong>Hosting Provider:<\/strong><br \/>Hostinger<br \/>61 Lordou Vironos Street,<br \/>6023 Larnaca, Cyprus<\/p><p><strong>Registration Details:<\/strong><br \/>Registered with the Registry of Commerce and Companies (RCS)<br \/>Company Registration Number: Versailles B 908 725 096<br \/>VAT Identification Number: FR00908725096<\/p>\t\t\t\t\t\t\t\t<\/div>\n\t\t\t\t<\/div>\n\t\t\t\t\t<\/div>\n\t\t\t\t<\/div>\n\t\t\t\t<\/div>","protected":false},"excerpt":{"rendered":"<p>Legal mentions Website Owner:Artview Legal Entity:Artview is a soci\u00e9t\u00e9 \u00e0 responsabilit\u00e9 limit\u00e9e (limited liability company) registered under the laws of France. Registered Address:Artview153B rue du Pr\u00e9sident Roosevelt,78100 Saint-Germain-en-Laye,France Contact Information:Email: contact@artview.fr Publication Director:Mac Arthur Cassamajor Hosting Provider:Hostinger61 Lordou Vironos Street,6023 Larnaca, Cyprus Registration Details:Registered with the Registry of Commerce and Companies (RCS)Company Registration Number: Versailles [&hellip;]<\/p>","protected":false},"author":1,"featured_media":0,"parent":0,"menu_order":0,"comment_status":"closed","ping_status":"closed","template":"elementor_header_footer","meta":{"_mi_skip_tracking":false,"_monsterinsights_sitenote_active":false,"_monsterinsights_sitenote_note":"","_monsterinsights_sitenote_category":0,"footnotes":""},"class_list":["post-10867","page","type-page","status-publish","hentry"],"acf":[],"aioseo_notices":[],"featured_image_url":null,"_links":{"self":[{"href":"https:\/\/artviewoasis.com\/fr\/wp-json\/wp\/v2\/pages\/10867","targetHints":{"allow":["GET"]}}],"collection":[{"href":"https:\/\/artviewoasis.com\/fr\/wp-json\/wp\/v2\/pages"}],"about":[{"href":"https:\/\/artviewoasis.com\/fr\/wp-json\/wp\/v2\/types\/page"}],"author":[{"embeddable":true,"href":"https:\/\/artviewoasis.com\/fr\/wp-json\/wp\/v2\/users\/1"}],"replies":[{"embeddable":true,"href":"https:\/\/artviewoasis.com\/fr\/wp-json\/wp\/v2\/comments?post=10867"}],"version-history":[{"count":9,"href":"https:\/\/artviewoasis.com\/fr\/wp-json\/wp\/v2\/pages\/10867\/revisions"}],"predecessor-version":[{"id":10879,"href":"https:\/\/artviewoasis.com\/fr\/wp-json\/wp\/v2\/pages\/10867\/revisions\/10879"}],"wp:attachment":[{"href":"https:\/\/artviewoasis.com\/fr\/wp-json\/wp\/v2\/media?parent=10867"}],"curies":[{"name":"wp","href":"https:\/\/api.w.org\/{rel}","templated":true}]}}